{"id":278,"date":"2014-04-26T23:17:34","date_gmt":"2014-04-26T21:17:34","guid":{"rendered":"http:\/\/pierrot.dscloud.me\/worldlooser\/?page_id=278"},"modified":"2014-04-27T23:44:40","modified_gmt":"2014-04-27T21:44:40","slug":"loosers-maps","status":"publish","type":"page","link":"https:\/\/www.aucuneraison.com\/?page_id=278","title":{"rendered":"Looser&rsquo;s maps"},"content":{"rendered":"<p>Par o\u00f9 sont pass\u00e9s les Loosers \u00e0 Cuba ?<\/p>\n<p>[ready_google_map id=&rsquo;1&prime;]<\/p>\n<p>Lieux : La Havane, Vinales, Cayo Levisa, Trinidad, Cienfuegos, Punta Gorda<\/p>\n<p>O\u00f9 les Loosers se sont-ils perdus au Japon ?<\/p>\n<p>[ready_google_map id=&rsquo;2&prime;]<\/p>\n<p>Lieux : Tokyo, Kyoto, Osaka, Hiroshima, Miyajima<\/p>\n","protected":false},"excerpt":{"rendered":"<p>Par o\u00f9 sont pass\u00e9s les Loosers \u00e0 Cuba ? [ready_google_map id=&rsquo;1&prime;] Lieux : La Havane, Vinales, Cayo Levisa, Trinidad, Cienfuegos, Punta Gorda O\u00f9 les Loosers se sont-ils perdus au Japon ? [ready_google_map id=&rsquo;2&prime;] Lieux : Tokyo, Kyoto, Osaka, Hiroshima, Miyajima<\/p>\n","protected":false},"author":1,"featured_media":0,"parent":0,"menu_order":0,"comment_status":"open","ping_status":"closed","template":"","meta":{"footnotes":""},"class_list":["post-278","page","type-page","status-publish","hentry"],"_links":{"self":[{"href":"https:\/\/www.aucuneraison.com\/index.php?rest_route=\/wp\/v2\/pages\/278","targetHints":{"allow":["GET"]}}],"collection":[{"href":"https:\/\/www.aucuneraison.com\/index.php?rest_route=\/wp\/v2\/pages"}],"about":[{"href":"https:\/\/www.aucuneraison.com\/index.php?rest_route=\/wp\/v2\/types\/page"}],"author":[{"embeddable":true,"href":"https:\/\/www.aucuneraison.com\/index.php?rest_route=\/wp\/v2\/users\/1"}],"replies":[{"embeddable":true,"href":"https:\/\/www.aucuneraison.com\/index.php?rest_route=%2Fwp%2Fv2%2Fcomments&post=278"}],"version-history":[{"count":6,"href":"https:\/\/www.aucuneraison.com\/index.php?rest_route=\/wp\/v2\/pages\/278\/revisions"}],"predecessor-version":[{"id":299,"href":"https:\/\/www.aucuneraison.com\/index.php?rest_route=\/wp\/v2\/pages\/278\/revisions\/299"}],"wp:attachment":[{"href":"https:\/\/www.aucuneraison.com\/index.php?rest_route=%2Fwp%2Fv2%2Fmedia&parent=278"}],"curies":[{"name":"wp","href":"https:\/\/api.w.org\/{rel}","templated":true}]}}